{"id":15978,"date":"2025-05-21T00:35:40","date_gmt":"2025-05-20T23:35:40","guid":{"rendered":"https:\/\/trade4msmes.org\/resource-library\/"},"modified":"2025-05-21T19:24:05","modified_gmt":"2025-05-21T18:24:05","slug":"resource-library","status":"publish","type":"page","link":"https:\/\/trade4msmes.org\/fr\/resource-library\/","title":{"rendered":"Recherche"},"content":{"rendered":"","protected":false},"excerpt":{"rendered":"","protected":false},"author":45,"featured_media":0,"parent":0,"menu_order":0,"comment_status":"closed","ping_status":"closed","template":"template-advanSearch.php","meta":{"_acf_changed":false,"_relevanssi_hide_post":"","_relevanssi_hide_content":"","_relevanssi_pin_for_all":"","_relevanssi_pin_keywords":"","_relevanssi_unpin_keywords":"","_relevanssi_related_keywords":"","_relevanssi_related_include_ids":"","_relevanssi_related_exclude_ids":"","_relevanssi_related_no_append":"","_relevanssi_related_not_related":"","_relevanssi_related_posts":"","_relevanssi_noindex_reason":"","inline_featured_image":false,"footnotes":""},"class_list":["post-15978","page","type-page","status-publish","hentry"],"acf":[],"yoast_head":"<!-- This site is optimized with the Yoast SEO plugin v27.4 - https:\/\/yoast.com\/product\/yoast-seo-wordpress\/ -->\n<title>Recherche - Trade4MSMEs<\/title>\n<meta name=\"description\" content=\"Filtrez les guides et ressources de Trade4MSMEs destin\u00e9s aux entreprises et aux d\u00e9cideurs politiques afin d&#039;am\u00e9liorer vos connaissances en mati\u00e8re de commerce international.\" \/>\n<meta name=\"robots\" content=\"index, follow, max-snippet:-1, max-image-preview:large, max-video-preview:-1\" \/>\n<link rel=\"canonical\" href=\"https:\/\/trade4msmes.org\/fr\/resource-library\/\" \/>\n<meta property=\"og:locale\" content=\"fr_FR\" \/>\n<meta property=\"og:type\" content=\"article\" \/>\n<meta property=\"og:title\" content=\"Recherche - Trade4MSMEs\" \/>\n<meta property=\"og:description\" content=\"Filtrez les guides et ressources de Trade4MSMEs destin\u00e9s aux entreprises et aux d\u00e9cideurs politiques afin d&#039;am\u00e9liorer vos connaissances en mati\u00e8re de commerce international.\" \/>\n<meta property=\"og:url\" content=\"https:\/\/trade4msmes.org\/fr\/resource-library\/\" \/>\n<meta property=\"og:site_name\" content=\"Trade4MSMEs\" \/>\n<meta property=\"article:modified_time\" content=\"2025-05-21T18:24:05+00:00\" \/>\n<meta name=\"twitter:card\" content=\"summary_large_image\" \/>\n<meta name=\"twitter:title\" content=\"Recherche - Trade4MSMEs\" \/>\n<meta name=\"twitter:description\" content=\"Filtrez les guides et ressources de Trade4MSMEs destin\u00e9s aux entreprises et aux d\u00e9cideurs politiques afin d&#039;am\u00e9liorer vos connaissances en mati\u00e8re de commerce international.\" \/>\n<script type=\"application\/ld+json\" class=\"yoast-schema-graph\">{\"@context\":\"https:\\\/\\\/schema.org\",\"@graph\":[{\"@type\":\"WebPage\",\"@id\":\"https:\\\/\\\/trade4msmes.org\\\/fr\\\/resource-library\\\/\",\"url\":\"https:\\\/\\\/trade4msmes.org\\\/fr\\\/resource-library\\\/\",\"name\":\"Recherche - Trade4MSMEs\",\"isPartOf\":{\"@id\":\"https:\\\/\\\/trade4msmes.org\\\/#website\"},\"datePublished\":\"2025-05-20T23:35:40+00:00\",\"dateModified\":\"2025-05-21T18:24:05+00:00\",\"description\":\"Filtrez les guides et ressources de Trade4MSMEs destin\u00e9s aux entreprises et aux d\u00e9cideurs politiques afin d'am\u00e9liorer vos connaissances en mati\u00e8re de commerce international.\",\"breadcrumb\":{\"@id\":\"https:\\\/\\\/trade4msmes.org\\\/fr\\\/resource-library\\\/#breadcrumb\"},\"inLanguage\":\"fr-FR\",\"potentialAction\":[{\"@type\":\"ReadAction\",\"target\":[\"https:\\\/\\\/trade4msmes.org\\\/fr\\\/resource-library\\\/\"]}]},{\"@type\":\"BreadcrumbList\",\"@id\":\"https:\\\/\\\/trade4msmes.org\\\/fr\\\/resource-library\\\/#breadcrumb\",\"itemListElement\":[{\"@type\":\"ListItem\",\"position\":1,\"name\":\"Home\",\"item\":\"https:\\\/\\\/trade4msmes.org\\\/fr\\\/home-page\\\/\"},{\"@type\":\"ListItem\",\"position\":2,\"name\":\"Recherche\"}]},{\"@type\":\"WebSite\",\"@id\":\"https:\\\/\\\/trade4msmes.org\\\/#website\",\"url\":\"https:\\\/\\\/trade4msmes.org\\\/\",\"name\":\"Trade4MSMEs\",\"description\":\"Votre portail d'information commerciale\",\"potentialAction\":[{\"@type\":\"SearchAction\",\"target\":{\"@type\":\"EntryPoint\",\"urlTemplate\":\"https:\\\/\\\/trade4msmes.org\\\/?s={search_term_string}\"},\"query-input\":{\"@type\":\"PropertyValueSpecification\",\"valueRequired\":true,\"valueName\":\"search_term_string\"}}],\"inLanguage\":\"fr-FR\"}]}<\/script>\n<!-- \/ Yoast SEO plugin. -->","yoast_head_json":{"title":"Recherche - Trade4MSMEs","description":"Filtrez les guides et ressources de Trade4MSMEs destin\u00e9s aux entreprises et aux d\u00e9cideurs politiques afin d'am\u00e9liorer vos connaissances en mati\u00e8re de commerce international.","robots":{"index":"index","follow":"follow","max-snippet":"max-snippet:-1","max-image-preview":"max-image-preview:large","max-video-preview":"max-video-preview:-1"},"canonical":"https:\/\/trade4msmes.org\/fr\/resource-library\/","og_locale":"fr_FR","og_type":"article","og_title":"Recherche - Trade4MSMEs","og_description":"Filtrez les guides et ressources de Trade4MSMEs destin\u00e9s aux entreprises et aux d\u00e9cideurs politiques afin d'am\u00e9liorer vos connaissances en mati\u00e8re de commerce international.","og_url":"https:\/\/trade4msmes.org\/fr\/resource-library\/","og_site_name":"Trade4MSMEs","article_modified_time":"2025-05-21T18:24:05+00:00","twitter_card":"summary_large_image","twitter_title":"Recherche - Trade4MSMEs","twitter_description":"Filtrez les guides et ressources de Trade4MSMEs destin\u00e9s aux entreprises et aux d\u00e9cideurs politiques afin d'am\u00e9liorer vos connaissances en mati\u00e8re de commerce international.","schema":{"@context":"https:\/\/schema.org","@graph":[{"@type":"WebPage","@id":"https:\/\/trade4msmes.org\/fr\/resource-library\/","url":"https:\/\/trade4msmes.org\/fr\/resource-library\/","name":"Recherche - Trade4MSMEs","isPartOf":{"@id":"https:\/\/trade4msmes.org\/#website"},"datePublished":"2025-05-20T23:35:40+00:00","dateModified":"2025-05-21T18:24:05+00:00","description":"Filtrez les guides et ressources de Trade4MSMEs destin\u00e9s aux entreprises et aux d\u00e9cideurs politiques afin d'am\u00e9liorer vos connaissances en mati\u00e8re de commerce international.","breadcrumb":{"@id":"https:\/\/trade4msmes.org\/fr\/resource-library\/#breadcrumb"},"inLanguage":"fr-FR","potentialAction":[{"@type":"ReadAction","target":["https:\/\/trade4msmes.org\/fr\/resource-library\/"]}]},{"@type":"BreadcrumbList","@id":"https:\/\/trade4msmes.org\/fr\/resource-library\/#breadcrumb","itemListElement":[{"@type":"ListItem","position":1,"name":"Home","item":"https:\/\/trade4msmes.org\/fr\/home-page\/"},{"@type":"ListItem","position":2,"name":"Recherche"}]},{"@type":"WebSite","@id":"https:\/\/trade4msmes.org\/#website","url":"https:\/\/trade4msmes.org\/","name":"Trade4MSMEs","description":"Votre portail d'information commerciale","potentialAction":[{"@type":"SearchAction","target":{"@type":"EntryPoint","urlTemplate":"https:\/\/trade4msmes.org\/?s={search_term_string}"},"query-input":{"@type":"PropertyValueSpecification","valueRequired":true,"valueName":"search_term_string"}}],"inLanguage":"fr-FR"}]}},"_links":{"self":[{"href":"https:\/\/trade4msmes.org\/fr\/wp-json\/wp\/v2\/pages\/15978","targetHints":{"allow":["GET"]}}],"collection":[{"href":"https:\/\/trade4msmes.org\/fr\/wp-json\/wp\/v2\/pages"}],"about":[{"href":"https:\/\/trade4msmes.org\/fr\/wp-json\/wp\/v2\/types\/page"}],"author":[{"embeddable":true,"href":"https:\/\/trade4msmes.org\/fr\/wp-json\/wp\/v2\/users\/45"}],"replies":[{"embeddable":true,"href":"https:\/\/trade4msmes.org\/fr\/wp-json\/wp\/v2\/comments?post=15978"}],"version-history":[{"count":1,"href":"https:\/\/trade4msmes.org\/fr\/wp-json\/wp\/v2\/pages\/15978\/revisions"}],"predecessor-version":[{"id":16091,"href":"https:\/\/trade4msmes.org\/fr\/wp-json\/wp\/v2\/pages\/15978\/revisions\/16091"}],"wp:attachment":[{"href":"https:\/\/trade4msmes.org\/fr\/wp-json\/wp\/v2\/media?parent=15978"}],"curies":[{"name":"wp","href":"https:\/\/api.w.org\/{rel}","templated":true}]}}