{"id":15942,"date":"2025-05-21T00:34:50","date_gmt":"2025-05-20T23:34:50","guid":{"rendered":"https:\/\/trade4msmes.org\/resource-library\/"},"modified":"2025-05-21T19:18:07","modified_gmt":"2025-05-21T18:18:07","slug":"resource-library","status":"publish","type":"page","link":"https:\/\/trade4msmes.org\/es\/resource-library\/","title":{"rendered":"B\u00fasqueda"},"content":{"rendered":"","protected":false},"excerpt":{"rendered":"","protected":false},"author":45,"featured_media":0,"parent":0,"menu_order":0,"comment_status":"closed","ping_status":"closed","template":"template-advanSearch.php","meta":{"_acf_changed":false,"_relevanssi_hide_post":"","_relevanssi_hide_content":"","_relevanssi_pin_for_all":"","_relevanssi_pin_keywords":"","_relevanssi_unpin_keywords":"","_relevanssi_related_keywords":"","_relevanssi_related_include_ids":"","_relevanssi_related_exclude_ids":"","_relevanssi_related_no_append":"","_relevanssi_related_not_related":"","_relevanssi_related_posts":"","_relevanssi_noindex_reason":"","inline_featured_image":false,"footnotes":""},"class_list":["post-15942","page","type-page","status-publish","hentry"],"acf":[],"yoast_head":"<!-- This site is optimized with the Yoast SEO plugin v27.4 - https:\/\/yoast.com\/product\/yoast-seo-wordpress\/ -->\n<title>B\u00fasqueda - Trade4MSMEs<\/title>\n<meta name=\"description\" content=\"Filtra entre las gu\u00edas y recursos para empresas y responsables pol\u00edticos de Trade4MSMEs para mejorar tus conocimientos sobre comercio internacional.\" \/>\n<meta name=\"robots\" content=\"index, follow, max-snippet:-1, max-image-preview:large, max-video-preview:-1\" \/>\n<link rel=\"canonical\" href=\"https:\/\/trade4msmes.org\/es\/resource-library\/\" \/>\n<meta property=\"og:locale\" content=\"es_ES\" \/>\n<meta property=\"og:type\" content=\"article\" \/>\n<meta property=\"og:title\" content=\"B\u00fasqueda - Trade4MSMEs\" \/>\n<meta property=\"og:description\" content=\"Filtra entre las gu\u00edas y recursos para empresas y responsables pol\u00edticos de Trade4MSMEs para mejorar tus conocimientos sobre comercio internacional.\" \/>\n<meta property=\"og:url\" content=\"https:\/\/trade4msmes.org\/es\/resource-library\/\" \/>\n<meta property=\"og:site_name\" content=\"Trade4MSMEs\" \/>\n<meta property=\"article:modified_time\" content=\"2025-05-21T18:18:07+00:00\" \/>\n<meta name=\"twitter:card\" content=\"summary_large_image\" \/>\n<meta name=\"twitter:title\" content=\"B\u00fasqueda - Trade4MSMEs\" \/>\n<meta name=\"twitter:description\" content=\"Filtra entre las gu\u00edas y recursos para empresas y responsables pol\u00edticos de Trade4MSMEs para mejorar tus conocimientos sobre comercio internacional.\" \/>\n<script type=\"application\/ld+json\" class=\"yoast-schema-graph\">{\"@context\":\"https:\\\/\\\/schema.org\",\"@graph\":[{\"@type\":\"WebPage\",\"@id\":\"https:\\\/\\\/trade4msmes.org\\\/es\\\/resource-library\\\/\",\"url\":\"https:\\\/\\\/trade4msmes.org\\\/es\\\/resource-library\\\/\",\"name\":\"B\u00fasqueda - Trade4MSMEs\",\"isPartOf\":{\"@id\":\"https:\\\/\\\/trade4msmes.org\\\/#website\"},\"datePublished\":\"2025-05-20T23:34:50+00:00\",\"dateModified\":\"2025-05-21T18:18:07+00:00\",\"description\":\"Filtra entre las gu\u00edas y recursos para empresas y responsables pol\u00edticos de Trade4MSMEs para mejorar tus conocimientos sobre comercio internacional.\",\"breadcrumb\":{\"@id\":\"https:\\\/\\\/trade4msmes.org\\\/es\\\/resource-library\\\/#breadcrumb\"},\"inLanguage\":\"es\",\"potentialAction\":[{\"@type\":\"ReadAction\",\"target\":[\"https:\\\/\\\/trade4msmes.org\\\/es\\\/resource-library\\\/\"]}]},{\"@type\":\"BreadcrumbList\",\"@id\":\"https:\\\/\\\/trade4msmes.org\\\/es\\\/resource-library\\\/#breadcrumb\",\"itemListElement\":[{\"@type\":\"ListItem\",\"position\":1,\"name\":\"Home\",\"item\":\"https:\\\/\\\/trade4msmes.org\\\/es\\\/\"},{\"@type\":\"ListItem\",\"position\":2,\"name\":\"B\u00fasqueda\"}]},{\"@type\":\"WebSite\",\"@id\":\"https:\\\/\\\/trade4msmes.org\\\/#website\",\"url\":\"https:\\\/\\\/trade4msmes.org\\\/\",\"name\":\"Trade4MSMEs\",\"description\":\"Su puerta de acceso a la informaci\u00f3n comercial\",\"potentialAction\":[{\"@type\":\"SearchAction\",\"target\":{\"@type\":\"EntryPoint\",\"urlTemplate\":\"https:\\\/\\\/trade4msmes.org\\\/?s={search_term_string}\"},\"query-input\":{\"@type\":\"PropertyValueSpecification\",\"valueRequired\":true,\"valueName\":\"search_term_string\"}}],\"inLanguage\":\"es\"}]}<\/script>\n<!-- \/ Yoast SEO plugin. -->","yoast_head_json":{"title":"B\u00fasqueda - Trade4MSMEs","description":"Filtra entre las gu\u00edas y recursos para empresas y responsables pol\u00edticos de Trade4MSMEs para mejorar tus conocimientos sobre comercio internacional.","robots":{"index":"index","follow":"follow","max-snippet":"max-snippet:-1","max-image-preview":"max-image-preview:large","max-video-preview":"max-video-preview:-1"},"canonical":"https:\/\/trade4msmes.org\/es\/resource-library\/","og_locale":"es_ES","og_type":"article","og_title":"B\u00fasqueda - Trade4MSMEs","og_description":"Filtra entre las gu\u00edas y recursos para empresas y responsables pol\u00edticos de Trade4MSMEs para mejorar tus conocimientos sobre comercio internacional.","og_url":"https:\/\/trade4msmes.org\/es\/resource-library\/","og_site_name":"Trade4MSMEs","article_modified_time":"2025-05-21T18:18:07+00:00","twitter_card":"summary_large_image","twitter_title":"B\u00fasqueda - Trade4MSMEs","twitter_description":"Filtra entre las gu\u00edas y recursos para empresas y responsables pol\u00edticos de Trade4MSMEs para mejorar tus conocimientos sobre comercio internacional.","schema":{"@context":"https:\/\/schema.org","@graph":[{"@type":"WebPage","@id":"https:\/\/trade4msmes.org\/es\/resource-library\/","url":"https:\/\/trade4msmes.org\/es\/resource-library\/","name":"B\u00fasqueda - Trade4MSMEs","isPartOf":{"@id":"https:\/\/trade4msmes.org\/#website"},"datePublished":"2025-05-20T23:34:50+00:00","dateModified":"2025-05-21T18:18:07+00:00","description":"Filtra entre las gu\u00edas y recursos para empresas y responsables pol\u00edticos de Trade4MSMEs para mejorar tus conocimientos sobre comercio internacional.","breadcrumb":{"@id":"https:\/\/trade4msmes.org\/es\/resource-library\/#breadcrumb"},"inLanguage":"es","potentialAction":[{"@type":"ReadAction","target":["https:\/\/trade4msmes.org\/es\/resource-library\/"]}]},{"@type":"BreadcrumbList","@id":"https:\/\/trade4msmes.org\/es\/resource-library\/#breadcrumb","itemListElement":[{"@type":"ListItem","position":1,"name":"Home","item":"https:\/\/trade4msmes.org\/es\/"},{"@type":"ListItem","position":2,"name":"B\u00fasqueda"}]},{"@type":"WebSite","@id":"https:\/\/trade4msmes.org\/#website","url":"https:\/\/trade4msmes.org\/","name":"Trade4MSMEs","description":"Su puerta de acceso a la informaci\u00f3n comercial","potentialAction":[{"@type":"SearchAction","target":{"@type":"EntryPoint","urlTemplate":"https:\/\/trade4msmes.org\/?s={search_term_string}"},"query-input":{"@type":"PropertyValueSpecification","valueRequired":true,"valueName":"search_term_string"}}],"inLanguage":"es"}]}},"_links":{"self":[{"href":"https:\/\/trade4msmes.org\/es\/wp-json\/wp\/v2\/pages\/15942","targetHints":{"allow":["GET"]}}],"collection":[{"href":"https:\/\/trade4msmes.org\/es\/wp-json\/wp\/v2\/pages"}],"about":[{"href":"https:\/\/trade4msmes.org\/es\/wp-json\/wp\/v2\/types\/page"}],"author":[{"embeddable":true,"href":"https:\/\/trade4msmes.org\/es\/wp-json\/wp\/v2\/users\/45"}],"replies":[{"embeddable":true,"href":"https:\/\/trade4msmes.org\/es\/wp-json\/wp\/v2\/comments?post=15942"}],"version-history":[{"count":1,"href":"https:\/\/trade4msmes.org\/es\/wp-json\/wp\/v2\/pages\/15942\/revisions"}],"predecessor-version":[{"id":16081,"href":"https:\/\/trade4msmes.org\/es\/wp-json\/wp\/v2\/pages\/15942\/revisions\/16081"}],"wp:attachment":[{"href":"https:\/\/trade4msmes.org\/es\/wp-json\/wp\/v2\/media?parent=15942"}],"curies":[{"name":"wp","href":"https:\/\/api.w.org\/{rel}","templated":true}]}}